{"id":2597,"date":"2017-08-08T17:46:11","date_gmt":"2017-08-08T15:46:11","guid":{"rendered":"http:\/\/voyagesilemaurice.fr\/?page_id=2597"},"modified":"2018-09-02T14:31:08","modified_gmt":"2018-09-02T12:31:08","slug":"entdeckungstour-mauritius","status":"publish","type":"page","link":"https:\/\/voyagesilemaurice.fr\/de\/entdeckungstour-mauritius\/","title":{"rendered":"Entdeckungstour Mauritius"},"content":{"rendered":"<p>[vc_row][vc_column][vc_column_text]<\/p>\n<h1>Mauritius Insel<\/h1>\n<p><span id=\"result_box\" class=\"\" lang=\"de\"><span class=\"\">Erleben Sie eine Reihe von Entdeckungen und Aromen w\u00e4hrend dieser Reise in das Herz von Mauritius!<\/span> <span class=\"\">Lokale K\u00fcche und Zuckerrohrfelder und Regenwald, paradiesische Str\u00e4nde und \u00fcppige Natur &#8230; Alle Elemente sind f\u00fcr einen bunten Aufenthalt in einer grossz\u00fcgigen Natur und einer freudigen Atmosph\u00e4re kombiniert.<\/span><\/span><\/p>\n<p><span class=\"\">Entdecken Sie unsere Touren, die Ihren Bed\u00fcrfnissen gerecht werden sollen und sind in Reichweite Ihres Budgets &#8230; denn wir glauben, dass jeder einen unvergesslichen Urlaub am Strand verbringen m\u00f6chte.<\/span>[\/vc_column_text][\/vc_column][\/vc_row][vc_row][vc_column][vc_video link=&#8220;https:\/\/www.youtube.com\/watch?v=ecRy6PUWyC0&#8243;][\/vc_column][\/vc_row][vc_row][vc_column][vc_column_text]<\/p>\n<p>St\u00e4rken unserer Touren:<\/p>\n<ul>\n<li>\u00a0\u00a0 Abholung bei Ankunft in Mauritius<\/li>\n<li>\u00a0\u00a0 Unterbringung mit Halbpension im 5-Sterne Feriendorf Azuri<\/li>\n<li>\u00a0\u00a0 Entdeckung der mauritischen K\u00fcche<\/li>\n<li>\u00a0\u00a0 Verlassen der ausgetretenen Touristenpfade mit Hilfe unserer Entdeckungstouren<\/li>\n<li>\u00a0\u00a0 Totales Eintauchen in die mauritische Kultur<\/li>\n<\/ul>\n<p><span id=\"result_box\" class=\"\" lang=\"de\"><span class=\"\">Sie finden unser Tour-Programm, indem Sie die folgende Brosch\u00fcre im PDF-Format herunterladen.<\/span><\/span><\/p>\n<ul>\n<li><strong><a href=\"http:\/\/voyagesilemaurice.fr\/wp-content\/uploads\/2017\/09\/Entdeckungstour-Gruppe.pdf\" target=\"_blank\" rel=\"noopener\">Entdeckungstour Gruppe<\/a><\/strong><\/li>\n<li><strong><a href=\"http:\/\/voyagesilemaurice.fr\/wp-content\/uploads\/2017\/08\/Entdeckungstour-Familie.pdf\" target=\"_blank\" rel=\"noopener\">Entdeckungstour Familie<\/a><\/strong><\/li>\n<li><strong><a href=\"http:\/\/voyagesilemaurice.fr\/wp-content\/uploads\/2017\/09\/Entdeckungstour-Hochzeitreisen.pdf\" target=\"_blank\" rel=\"noopener\">Entdeckungstour Hochzeitreisen<\/a><\/strong><\/li>\n<li><strong><a href=\"http:\/\/voyagesilemaurice.fr\/wp-content\/uploads\/2017\/08\/Entdeckungstour-Budget-1.pdf\" target=\"_blank\" rel=\"noopener\">Entdeckungstour Budget<\/a><\/strong><\/li>\n<li><strong><a href=\"http:\/\/voyagesilemaurice.fr\/wp-content\/uploads\/2017\/08\/Entdeckungstour-Bestseller-1.pdf\" target=\"_blank\" rel=\"noopener\">Entdeckungstour Bestseller<\/a><\/strong><\/li>\n<li><strong><a href=\"http:\/\/voyagesilemaurice.fr\/wp-content\/uploads\/2017\/08\/Entdeckungstour-Ile-Maurice-intense-1.pdf\" target=\"_blank\" rel=\"noopener\">Entdeckungstour Ile Maurice intense<\/a><\/strong><\/li>\n<li><a href=\"http:\/\/voyagesilemaurice.fr\/wp-content\/uploads\/2017\/08\/Entdeckungstour-Premium-1.pdf\" target=\"_blank\" rel=\"noopener\"><strong>Entdeckungstour Premium<\/strong><\/a><\/li>\n<li>Entdeckungstour Customize<\/li>\n<\/ul>\n<p>Um Ihnen bei der Auswahl und Planung behilflich zu sein, steht Ihnen Michael f\u00fcr eine Beratung von Montag bis Samstag von 9.00 bis 21.00 Uhr unter der Telefonnummer <strong>+41 78 629 26 81<\/strong> zur Verf\u00fcgung oder unter <strong>KontaktFormular<\/strong>.[\/vc_column_text][\/vc_column][\/vc_row][vc_row][vc_column]\n<div class=\"wpcf7 no-js\" id=\"wpcf7-f1915-o1\" lang=\"en-US\" dir=\"ltr\" data-wpcf7-id=\"1915\">\n<div class=\"screen-reader-response\"><p role=\"status\" aria-live=\"polite\" aria-atomic=\"true\"><\/p> <ul><\/ul><\/div>\n<form action=\"\/de\/wp-json\/wp\/v2\/pages\/2597#wpcf7-f1915-o1\" method=\"post\" class=\"wpcf7-form init\" aria-label=\"Contact form\" novalidate=\"novalidate\" data-status=\"init\">\n<fieldset class=\"hidden-fields-container\"><input type=\"hidden\" name=\"_wpcf7\" value=\"1915\" \/><input type=\"hidden\" name=\"_wpcf7_version\" value=\"6.1.5\" \/><input type=\"hidden\" name=\"_wpcf7_locale\" value=\"en_US\" \/><input type=\"hidden\" name=\"_wpcf7_unit_tag\" value=\"wpcf7-f1915-o1\" \/><input type=\"hidden\" name=\"_wpcf7_container_post\" value=\"0\" \/><input type=\"hidden\" name=\"_wpcf7_posted_data_hash\" value=\"\" \/>\n<\/fieldset>\n<p>F\u00fcllen Sie das untenstehende Formular aus, um uns zu sagen, was Sie suchen\n<\/p>\n<p><span class=\"wpcf7-form-control-wrap\" data-name=\"your-name\"><input size=\"40\" maxlength=\"400\" class=\"wpcf7-form-control wpcf7-text wpcf7-validates-as-required\" aria-required=\"true\" aria-invalid=\"false\" placeholder=\"Name\/Vorname*\" value=\"\" type=\"text\" name=\"your-name\" \/><\/span>\n<\/p>\n<p><span class=\"wpcf7-form-control-wrap\" data-name=\"your-email\"><input size=\"40\" maxlength=\"400\" class=\"wpcf7-form-control wpcf7-email wpcf7-validates-as-required wpcf7-text wpcf7-validates-as-email\" aria-required=\"true\" aria-invalid=\"false\" placeholder=\"Email*\" value=\"\" type=\"email\" name=\"your-email\" \/><\/span>\n<\/p>\n<p><span class=\"wpcf7-form-control-wrap\" data-name=\"tel-46\"><input size=\"40\" maxlength=\"400\" class=\"wpcf7-form-control wpcf7-tel wpcf7-validates-as-required wpcf7-text wpcf7-validates-as-tel\" aria-required=\"true\" aria-invalid=\"false\" placeholder=\"Telefon*\" value=\"\" type=\"tel\" name=\"tel-46\" \/><\/span>\n<\/p>\n<p><label>Betreff*<\/label>\n<\/p>\n<p><span class=\"wpcf7-form-control-wrap\" data-name=\"menu-17\"><select class=\"wpcf7-form-control wpcf7-select wpcf7-validates-as-required\" aria-required=\"true\" aria-invalid=\"false\" name=\"menu-17\"><option value=\"\">&#8212;Please choose an option&#8212;<\/option><option value=\"Mauritius Intensiv Tour-Paket\">Mauritius Intensiv Tour-Paket<\/option><option value=\"Unterwasser Tour-Paket\">Unterwasser Tour-Paket<\/option><option value=\"Drachensurfen Tour-Paket\">Drachensurfen Tour-Paket<\/option><option value=\"Familie Tour-Paket\">Familie Tour-Paket<\/option><option value=\"Gruppe Tour-Paket\">Gruppe Tour-Paket<\/option><option value=\"Hochzeitreisen Tour-Paket\">Hochzeitreisen Tour-Paket<\/option><option value=\"Budget Tour-Paket\">Budget Tour-Paket<\/option><option value=\"Bestseller Tour-Paket\">Bestseller Tour-Paket<\/option><option value=\"Premium Tour-Paket\">Premium Tour-Paket<\/option><option value=\"Customize Tour-Paket\">Customize Tour-Paket<\/option><option value=\"Anderes\">Anderes<\/option><\/select><\/span>\n<\/p>\n<p><span class=\"wpcf7-form-control-wrap\" data-name=\"your-message\"><textarea cols=\"40\" rows=\"10\" maxlength=\"2000\" class=\"wpcf7-form-control wpcf7-textarea\" aria-invalid=\"false\" placeholder=\"Bemerkungen\" name=\"your-message\"><\/textarea><\/span>\n<\/p>\n<p><span class=\"wpcf7-form-control-wrap kc_captcha\" data-name=\"kc_captcha\"><span class=\"wpcf7-form-control wpcf7-radio\"><span class=\"captcha-image\" ><span class=\"cf7ic_instructions\">Please prove you are human by selecting the<span> heart<\/span>.<\/span><label><input aria-label=\"1\" type=\"radio\" name=\"kc_captcha\" value=\"kc_human\" \/><svg aria-hidden=\"true\" role=\"img\" xmlns=\"http:\/\/www.w3.org\/2000\/svg\" viewBox=\"0 0 576 512\"><path fill=\"currentColor\" d=\"M415 24c-53 0-103 42-127 65-24-23-74-65-127-65C70 24 16 77 16 166c0 72 67 133 69 135l187 181c9 8 23 8 32 0l187-180c2-3 69-64 69-136 0-89-54-142-145-142z\"\/><\/svg><\/label><label><input aria-label=\"2\" type=\"radio\" name=\"kc_captcha\" value=\"bot\" \/><svg aria-hidden=\"true\" role=\"img\" xmlns=\"http:\/\/www.w3.org\/2000\/svg\" viewBox=\"0 0 512 512\"><path fill=\"currentColor\" d=\"M500 168h-55l-8-21a127 127 0 00-120-83H195a127 127 0 00-120 83l-8 21H12c-8 0-14 8-11 16l8 24a12 12 0 0011 8h29a64 64 0 00-33 56v48c0 16 6 31 16 42v62c0 13 11 24 24 24h48c13 0 24-11 24-24v-40h256v40c0 13 11 24 24 24h48c13 0 24-11 24-24v-62c10-11 16-26 16-42v-48c0-24-13-45-33-56h29a12 12 0 0011-8l8-24c3-8-3-16-11-16zm-365 2c9-25 33-42 60-42h122c27 0 51 17 60 42l15 38H120l15-38zM88 328a32 32 0 010-64c18 0 48 30 48 48s-30 16-48 16zm336 0c-18 0-48 2-48-16s30-48 48-48 32 14 32 32-14 32-32 32z\"\/><\/svg><\/label><label><input aria-label=\"3\" type=\"radio\" name=\"kc_captcha\" value=\"bot\" \/><svg aria-hidden=\"true\" role=\"img\" xmlns=\"http:\/\/www.w3.org\/2000\/svg\" viewBox=\"0 0 384 512\"><path fill=\"currentColor\" d=\"M377 375l-83-87h34c21 0 32-25 17-40l-82-88h33c21 0 32-25 18-40L210 8c-10-11-26-11-36 0L70 120c-14 15-3 40 18 40h33l-82 88c-15 15-4 40 17 40h34L7 375c-15 16-4 41 17 41h120c0 33-11 49-34 68-12 9-5 28 10 28h144c15 0 22-19 10-28-20-16-34-32-34-68h120c21 0 32-25 17-41z\"\/><\/svg><\/label>\r\n    <\/span>\r\n    <span style=\"display:none\">\r\n        <input type=\"text\" name=\"kc_honeypot\">\r\n    <\/span><\/span><\/span>\n<\/p>\n<p><input class=\"wpcf7-form-control wpcf7-submit has-spinner\" type=\"submit\" value=\"Versenden\" \/>\n<\/p><p style=\"display: none !important;\" class=\"akismet-fields-container\" data-prefix=\"_wpcf7_ak_\"><label>&#916;<textarea name=\"_wpcf7_ak_hp_textarea\" cols=\"45\" rows=\"8\" maxlength=\"100\"><\/textarea><\/label><input type=\"hidden\" id=\"ak_js_1\" name=\"_wpcf7_ak_js\" value=\"208\"\/><script>document.getElementById( \"ak_js_1\" ).setAttribute( \"value\", ( new Date() ).getTime() );<\/script><\/p><div class=\"wpcf7-response-output\" aria-hidden=\"true\"><\/div>\n<\/form>\n<\/div>\n[\/vc_column][\/vc_row]<\/p>\n","protected":false},"excerpt":{"rendered":"<p>[vc_row][vc_column][vc_column_text] Mauritius Insel Erleben Sie eine Reihe von Entdeckungen und Aromen w\u00e4hrend dieser Reise in das Herz von Mauritius! Lokale K\u00fcche und Zuckerrohrfelder und Regenwald, paradiesische Str\u00e4nde und \u00fcppige Natur &#8230; Alle Elemente sind f\u00fcr einen bunten Aufenthalt in einer grossz\u00fcgigen Natur und einer freudigen Atmosph\u00e4re kombiniert. Entdecken Sie unsere Touren, die Ihren Bed\u00fcrfnissen gerecht [&hellip;]<\/p>\n","protected":false},"author":1,"featured_media":0,"parent":0,"menu_order":0,"comment_status":"closed","ping_status":"closed","template":"","meta":{"_acf_changed":false,"_et_pb_use_builder":"","_et_pb_old_content":"","_et_gb_content_width":"","om_disable_all_campaigns":false,"_monsterinsights_skip_tracking":false,"_monsterinsights_sitenote_active":false,"_monsterinsights_sitenote_note":"","_monsterinsights_sitenote_category":0,"_uf_show_specific_survey":0,"_uf_disable_surveys":false,"footnotes":""},"class_list":["post-2597","page","type-page","status-publish","hentry"],"acf":[],"aioseo_notices":[],"_links":{"self":[{"href":"https:\/\/voyagesilemaurice.fr\/de\/wp-json\/wp\/v2\/pages\/2597","targetHints":{"allow":["GET"]}}],"collection":[{"href":"https:\/\/voyagesilemaurice.fr\/de\/wp-json\/wp\/v2\/pages"}],"about":[{"href":"https:\/\/voyagesilemaurice.fr\/de\/wp-json\/wp\/v2\/types\/page"}],"author":[{"embeddable":true,"href":"https:\/\/voyagesilemaurice.fr\/de\/wp-json\/wp\/v2\/users\/1"}],"replies":[{"embeddable":true,"href":"https:\/\/voyagesilemaurice.fr\/de\/wp-json\/wp\/v2\/comments?post=2597"}],"version-history":[{"count":24,"href":"https:\/\/voyagesilemaurice.fr\/de\/wp-json\/wp\/v2\/pages\/2597\/revisions"}],"predecessor-version":[{"id":3821,"href":"https:\/\/voyagesilemaurice.fr\/de\/wp-json\/wp\/v2\/pages\/2597\/revisions\/3821"}],"wp:attachment":[{"href":"https:\/\/voyagesilemaurice.fr\/de\/wp-json\/wp\/v2\/media?parent=2597"}],"curies":[{"name":"wp","href":"https:\/\/api.w.org\/{rel}","templated":true}]}}